{"id":2595,"date":"2023-02-27T19:34:16","date_gmt":"2023-02-27T19:34:16","guid":{"rendered":"https:\/\/echafaudagesecurit.com\/faq\/"},"modified":"2023-10-12T18:32:22","modified_gmt":"2023-10-12T18:32:22","slug":"faq","status":"publish","type":"page","link":"https:\/\/echafaudagesecurit.com\/en\/faq\/","title":{"rendered":"FAQ"},"content":{"rendered":"<p>[et_pb_section fb_built=&#8221;1&#8243; _builder_version=&#8221;4.20.0&#8243; _module_preset=&#8221;default&#8221; background_image=&#8221;https:\/\/echafaudagesecurit.com\/wp-content\/uploads\/2022\/09\/en-tete-orange.jpg&#8221; custom_padding=&#8221;31px||17px|||&#8221; global_colors_info=&#8221;{}&#8221;][et_pb_row _builder_version=&#8221;4.20.0&#8243; _module_preset=&#8221;default&#8221; global_colors_info=&#8221;{}&#8221;][et_pb_column type=&#8221;4_4&#8243; _builder_version=&#8221;4.20.0&#8243; _module_preset=&#8221;default&#8221; global_colors_info=&#8221;{}&#8221;][et_pb_text _builder_version=&#8221;4.20.0&#8243; _module_preset=&#8221;default&#8221; header_2_font=&#8221;|||on|||||&#8221; header_2_text_color=&#8221;#FFFFFF&#8221; header_2_font_size=&#8221;47px&#8221; header_2_font_size_tablet=&#8221;47px&#8221; header_2_font_size_phone=&#8221;33px&#8221; header_2_font_size_last_edited=&#8221;on|phone&#8221; global_colors_info=&#8221;{}&#8221;]<\/p>\n<h2 style=\"text-align: center;\">FREQUENTLY ASKED QUESTIONS<\/h2>\n<p>[\/et_pb_text][\/et_pb_column][\/et_pb_row][\/et_pb_section][et_pb_section fb_built=&#8221;1&#8243; _builder_version=&#8221;4.20.0&#8243; _module_preset=&#8221;default&#8221; background_color=&#8221;#ededed&#8221; custom_padding=&#8221;24px|||||&#8221; global_colors_info=&#8221;{}&#8221;][et_pb_row _builder_version=&#8221;4.20.0&#8243; _module_preset=&#8221;default&#8221; global_colors_info=&#8221;{}&#8221;][et_pb_column type=&#8221;4_4&#8243; _builder_version=&#8221;4.20.0&#8243; _module_preset=&#8221;default&#8221; global_colors_info=&#8221;{}&#8221;][et_pb_text _builder_version=&#8221;4.20.0&#8243; _module_preset=&#8221;default&#8221; text_font=&#8221;AvantGarde-Medium||||||||&#8221; custom_margin=&#8221;||41px|||&#8221; global_colors_info=&#8221;{}&#8221;]<\/p>\n<p>Find answers to frequently asked questions here<\/p>\n<p>[\/et_pb_text][et_pb_accordion icon_color=&#8221;#fc6c0f&#8221; _builder_version=&#8221;4.20.2&#8243; _module_preset=&#8221;default&#8221; toggle_level=&#8221;h4&#8243; toggle_font_size=&#8221;16px&#8221; closed_toggle_font_size=&#8221;17px&#8221; body_line_height=&#8221;1.3em&#8221; custom_margin=&#8221;0px||0px||false|false&#8221; body_font_size_tablet=&#8221;20px&#8221; body_font_size_phone=&#8221;18px&#8221; body_font_size_last_edited=&#8221;on|tablet&#8221; global_colors_info=&#8221;{}&#8221;][et_pb_accordion_item title=&#8221;Do you sell your products directly to companies or do you use distributors?&#8221; icon_color=&#8221;#fc6c0f&#8221; toggle_icon=&#8221;&#xf107;||fa||900&#8243; use_icon_font_size=&#8221;on&#8221; _builder_version=&#8221;4.20.0&#8243; _module_preset=&#8221;default&#8221; body_font_size=&#8221;18px&#8221; background_color=&#8221;#FFFFFF&#8221; background_enable_color=&#8221;on&#8221; body_font_size_tablet=&#8221;18px&#8221; body_font_size_phone=&#8221;18px&#8221; body_font_size_last_edited=&#8221;on|desktop&#8221; border_width_all=&#8221;0px&#8221; global_colors_info=&#8221;{}&#8221; toggle_level=&#8221;h4&#8243; closed_toggle_line_height=&#8221;1.2em&#8221; open=&#8221;off&#8221;]<\/p>\n<p>We sell directly to the public. Businesses and private individuals can purchase our products either by picking them up at our premises or by using our delivery service. <\/p>\n<p>[\/et_pb_accordion_item][et_pb_accordion_item title=&#8221;How long is my quote valid for?&#8221; open=&#8221;off&#8221; toggle_icon=&#8221;&#xf107;||fa||900&#8243; _builder_version=&#8221;4.20.0&#8243; _module_preset=&#8221;default&#8221; body_font_size=&#8221;18px&#8221; background_color=&#8221;#FFFFFF&#8221; background_enable_color=&#8221;on&#8221; body_font_size_tablet=&#8221;18px&#8221; body_font_size_phone=&#8221;18px&#8221; body_font_size_last_edited=&#8221;on|desktop&#8221; border_width_all=&#8221;0px&#8221; global_colors_info=&#8221;{}&#8221;]<\/p>\n<p>All quotations expire 30 days after their creation date.<\/p>\n<p>[\/et_pb_accordion_item][et_pb_accordion_item title=&#8221;What are your product delivery timelines?&#8221; icon_color=&#8221;#fc6c0f&#8221; toggle_icon=&#8221;&#xf107;||fa||900&#8243; _builder_version=&#8221;4.20.0&#8243; _module_preset=&#8221;default&#8221; body_font_size=&#8221;18px&#8221; background_color=&#8221;#FFFFFF&#8221; background_enable_color=&#8221;on&#8221; body_font_size_tablet=&#8221;18px&#8221; body_font_size_phone=&#8221;18px&#8221; body_font_size_last_edited=&#8221;on|tablet&#8221; border_width_all=&#8221;0px&#8221; global_colors_info=&#8221;{}&#8221; open=&#8221;off&#8221;]<\/p>\n<p>We stock all our products. Once payment has been received, the maximum order preparation time is 24 to 48 hours. <\/p>\n<p>[\/et_pb_accordion_item][et_pb_accordion_item title=&#8221;Do you offer a custom product manufacturing service?&#8221; toggle_icon=&#8221;&#xf107;||fa||900&#8243; content_tablet=&#8221;<\/p>\n<p>Non, nous ne fabriquons pas de produits sur mesure. Cependant, la majorit\u00e9 des produits s&#8217;adaptent \u00e0 toutes les types de structures, veuillez communiquer avec un de nos repr\u00e9sentants afin qu&#8217;il vous dirige vers la meilleure option selon vos besoins.<\/p>\n<p>&#8221; content_phone=&#8221;<\/p>\n<p>Non, nous ne fabriquons pas de produits sur mesure. Cependant, la majorit\u00e9 des produits s&#8217;adaptent \u00e0 toutes les types de structures, veuillez communiquer avec un de nos repr\u00e9sentants afin qu&#8217;il vous dirige vers la meilleure option selon vos besoins.<\/p>\n<p>&#8221; content_last_edited=&#8221;on|tablet&#8221; _builder_version=&#8221;4.20.0&#8243; _module_preset=&#8221;default&#8221; body_font_size=&#8221;18px&#8221; background_color=&#8221;#FFFFFF&#8221; background_enable_color=&#8221;on&#8221; body_font_size_tablet=&#8221;18px&#8221; body_font_size_phone=&#8221;18px&#8221; body_font_size_last_edited=&#8221;on|desktop&#8221; border_width_all=&#8221;0px&#8221; global_colors_info=&#8221;{}&#8221; open=&#8221;off&#8221;]<\/p>\n<p>No, we do not manufacture custom products. However, most of our products are suitable for all types of structure. Please contact one of our representatives to discuss the best option for your needs.  <\/p>\n<p>[\/et_pb_accordion_item][et_pb_accordion_item title=&#8221;Do you offer delivery services?&#8221; toggle_icon=&#8221;&#xf107;||fa||900&#8243; _builder_version=&#8221;4.20.0&#8243; _module_preset=&#8221;default&#8221; body_font_size=&#8221;18px&#8221; background_color=&#8221;#FFFFFF&#8221; background_enable_color=&#8221;on&#8221; body_font_size_tablet=&#8221;18px&#8221; body_font_size_phone=&#8221;18px&#8221; body_font_size_last_edited=&#8221;on|desktop&#8221; border_width_all=&#8221;0px&#8221; global_colors_info=&#8221;{}&#8221; open=&#8221;off&#8221;]<\/p>\n<div><span>Yes, this is the standard LTL (less-than-truckload), business-to-business, dock-to-dock delivery service. The purchaser must supply the forklift truck, unless otherwise specified. The buyer must pay the delivery costs, which must have been established in advance by the representative and included in the quotation.  <\/span><\/div>\n<div><\/div>\n<p>[\/et_pb_accordion_item][et_pb_accordion_item title=&#8221;Where do you deliver?&#8221; toggle_icon=&#8221;&#xf107;||fa||900&#8243; _builder_version=&#8221;4.20.0&#8243; _module_preset=&#8221;default&#8221; body_font_size=&#8221;18px&#8221; background_color=&#8221;#FFFFFF&#8221; background_enable_color=&#8221;on&#8221; body_font_size_tablet=&#8221;18px&#8221; body_font_size_phone=&#8221;18px&#8221; body_font_size_last_edited=&#8221;on|tablet&#8221; border_width_all=&#8221;0px&#8221; global_colors_info=&#8221;{}&#8221; open=&#8221;off&#8221;]<\/p>\n<p><span>We offer delivery services across North America.<\/span><\/p>\n<p>[\/et_pb_accordion_item][et_pb_accordion_item title=&#8221;How can I get installation manuals for your products?&#8221; toggle_icon=&#8221;&#xf107;||fa||900&#8243; _builder_version=&#8221;4.20.0&#8243; _module_preset=&#8221;default&#8221; body_font_size=&#8221;18px&#8221; background_color=&#8221;#FFFFFF&#8221; background_enable_color=&#8221;on&#8221; body_font_size_tablet=&#8221;18px&#8221; body_font_size_phone=&#8221;18px&#8221; body_font_size_last_edited=&#8221;on|tablet&#8221; border_width_all=&#8221;0px&#8221; global_colors_info=&#8221;{}&#8221; open=&#8221;off&#8221;]<\/p>\n<p>User manuals are supplied with the products. If you need a copy of these manuals, please send us an e-mail: <a href=\"mailto:info@echafaudagesecurit.com\">info@echafaudagesecurit.com<\/a> <\/p>\n<p>[\/et_pb_accordion_item][et_pb_accordion_item title=&#8221;Is it possible to lease your products?&#8221; toggle_icon=&#8221;&#xf107;||fa||900&#8243; _builder_version=&#8221;4.20.0&#8243; _module_preset=&#8221;default&#8221; body_font_size=&#8221;18px&#8221; background_color=&#8221;#FFFFFF&#8221; background_enable_color=&#8221;on&#8221; body_font_size_tablet=&#8221;18px&#8221; body_font_size_phone=&#8221;18px&#8221; body_font_size_last_edited=&#8221;on|tablet&#8221; border_width_all=&#8221;0px&#8221; global_colors_info=&#8221;{}&#8221; open=&#8221;off&#8221;]<\/p>\n<p><span>For rentals, please contact us by e-mail at <\/span><a href=\"mailto:info@echafaudagesecurit.com\" target=\"_blank\" rel=\"noopener\">info@echafaudagesecurit.com<\/a><\/p>\n<p>[\/et_pb_accordion_item][et_pb_accordion_item title=&#8221;What are your payment methods?&#8221; toggle_icon=&#8221;&#xf107;||fa||900&#8243; _builder_version=&#8221;4.20.0&#8243; _module_preset=&#8221;default&#8221; body_font_size=&#8221;18px&#8221; background_color=&#8221;#FFFFFF&#8221; background_enable_color=&#8221;on&#8221; body_font_size_tablet=&#8221;17px&#8221; body_font_size_phone=&#8221;17px&#8221; body_font_size_last_edited=&#8221;on|desktop&#8221; border_width_all=&#8221;0px&#8221; global_colors_info=&#8221;{}&#8221; open=&#8221;off&#8221;]<\/p>\n<p><span>We prefer Interac transfers and bank transfers. We do not accept credit card payment. <\/span><\/p>\n<p>[\/et_pb_accordion_item][et_pb_accordion_item title=&#8221;Are your products subject to solder inspections every 5 years?&#8221; toggle_icon=&#8221;&#xf107;||fa||900&#8243; _builder_version=&#8221;4.20.0&#8243; _module_preset=&#8221;default&#8221; body_font_size=&#8221;18px&#8221; background_color=&#8221;#FFFFFF&#8221; background_enable_color=&#8221;on&#8221; body_font_size_tablet=&#8221;18px&#8221; body_font_size_phone=&#8221;18px&#8221; body_font_size_last_edited=&#8221;on|tablet&#8221; border_width_all=&#8221;0px&#8221; global_colors_info=&#8221;{}&#8221; open=&#8221;off&#8221;]<\/p>\n<p><span>No, our products are designed so that assemblies do not require soldering in order to eliminate any need for inspections.<\/span><\/p>\n<p>[\/et_pb_accordion_item][et_pb_accordion_item title=&#8221;Are your products certified?&#8221; toggle_icon=&#8221;&#xf107;||fa||900&#8243; _builder_version=&#8221;4.20.0&#8243; _module_preset=&#8221;default&#8221; body_font_size=&#8221;18px&#8221; background_color=&#8221;#FFFFFF&#8221; background_enable_color=&#8221;on&#8221; body_font_size_tablet=&#8221;18px&#8221; body_font_size_phone=&#8221;16px&#8221; body_font_size_last_edited=&#8221;on|phone&#8221; border_width_all=&#8221;0px&#8221; global_colors_info=&#8221;{}&#8221; open=&#8221;on&#8221;]<\/p>\n<p><span>Our products meet or exceed Canadian CSA and American OSHA standards.<\/span><\/p>\n<p>[\/et_pb_accordion_item][\/et_pb_accordion][\/et_pb_column][\/et_pb_row][\/et_pb_section]<\/p>\n","protected":false},"excerpt":{"rendered":"<p>FREQUENTLY ASKED QUESTIONSFind answers to frequently asked questions hereWe sell directly to the public. Businesses and private individuals can purchase our products either by picking them up at our premises or by using our delivery service. All quotations expire 30 days after their creation date.We stock all our products. Once payment has been received, the [&hellip;]<\/p>\n","protected":false},"author":1,"featured_media":0,"parent":0,"menu_order":0,"comment_status":"closed","ping_status":"closed","template":"","meta":{"_et_pb_use_builder":"on","_et_pb_old_content":"","_et_gb_content_width":"","footnotes":""},"class_list":["post-2595","page","type-page","status-publish","hentry"],"_links":{"self":[{"href":"https:\/\/echafaudagesecurit.com\/en\/wp-json\/wp\/v2\/pages\/2595","targetHints":{"allow":["GET"]}}],"collection":[{"href":"https:\/\/echafaudagesecurit.com\/en\/wp-json\/wp\/v2\/pages"}],"about":[{"href":"https:\/\/echafaudagesecurit.com\/en\/wp-json\/wp\/v2\/types\/page"}],"author":[{"embeddable":true,"href":"https:\/\/echafaudagesecurit.com\/en\/wp-json\/wp\/v2\/users\/1"}],"replies":[{"embeddable":true,"href":"https:\/\/echafaudagesecurit.com\/en\/wp-json\/wp\/v2\/comments?post=2595"}],"version-history":[{"count":0,"href":"https:\/\/echafaudagesecurit.com\/en\/wp-json\/wp\/v2\/pages\/2595\/revisions"}],"wp:attachment":[{"href":"https:\/\/echafaudagesecurit.com\/en\/wp-json\/wp\/v2\/media?parent=2595"}],"curies":[{"name":"wp","href":"https:\/\/api.w.org\/{rel}","templated":true}]}}